{"id":292,"date":"2016-04-06T16:56:48","date_gmt":"2016-04-06T20:56:48","guid":{"rendered":"https:\/\/initiationministrypartners.org\/?page_id=292&#038;lang=es"},"modified":"2016-11-02T14:44:11","modified_gmt":"2016-11-02T18:44:11","slug":"acerca-de","status":"publish","type":"page","link":"https:\/\/initiationministrypartners.org\/es\/acerca-de\/","title":{"rendered":"Acerca de"},"content":{"rendered":"<p>El Foro Arquidiocesano para el Rito de Iniciaci\u00f3n Cristiana de Adultos es un grupo de practicantes experimentados en la implementaci\u00f3n del proceso de RICA. Nuestro grupo incluye sacerdotes, di\u00e1conos y laicos.<\/p>\n<p><strong>MISI\u00d3N<\/strong><\/p>\n<p>Nuestra misi\u00f3n es promover en toda la Arquidi\u00f3cesis de Atlanta, la visi\u00f3n y el pleno cumplimiento del Rito de Iniciaci\u00f3n Cristiana como est\u00e1 promulgado en el texto del\u00a0<em>Rito de Iniciaci\u00f3n Cristiana de Adultos <\/em>(NCCB, 1988).<\/p>\n<p><strong>OBJETIVOS<\/strong><\/p>\n<ul>\n<li>Ilustrar en nuestro trabajo juntos lo que significa ser un equipo colaborador.<\/li>\n<li>Mantener la visi\u00f3n del Rito a trav\u00e9s del patrocinio de talleres con l\u00edderes locales y nacionales.<\/li>\n<li>Colaborar estrechamente con la Oficina de Formaci\u00f3n y Discipulado en el \u00e1rea de la Iniciaci\u00f3n Cristiana.<\/li>\n<li>Ayudar a la comunidad multicultural y a las parroquias rurales en la implementaci\u00f3n y adaptaci\u00f3n del Rito para sus circunstancias particulares.<\/li>\n<li>Apoyar los esfuerzos de implementaci\u00f3n y adaptaci\u00f3n del Rito de los ni\u00f1os de edad catequ\u00e9tica.<\/li>\n<\/ul>\n","protected":false},"excerpt":{"rendered":"<p>El Foro Arquidiocesano para el Rito de Iniciaci\u00f3n Cristiana de Adultos es un grupo de practicantes experimentados en la implementaci\u00f3n del proceso de RICA. Nuestro grupo incluye sacerdotes, di\u00e1conos y laicos. MISI\u00d3N Nuestra misi\u00f3n es promover en toda la Arquidi\u00f3cesis de Atlanta, la visi\u00f3n y el pleno cumplimiento del Rito &#8230; <\/p>\n<p class=\"read-more-container\"><a title=\"Acerca de\" class=\"read-more button\" href=\"https:\/\/initiationministrypartners.org\/es\/acerca-de\/#more-292\" aria-label=\"Leer m\u00e1s sobre Acerca de\">Leer m\u00e1s<\/a><\/p>\n","protected":false},"author":96,"featured_media":0,"parent":0,"menu_order":0,"comment_status":"closed","ping_status":"closed","template":"","meta":{"advgb_blocks_editor_width":"","advgb_blocks_columns_visual_guide":"","footnotes":""},"class_list":["post-292","page","type-page","status-publish","infinite-scroll-item"],"coauthors":[],"author_meta":{"author_link":"https:\/\/initiationministrypartners.org\/es\/author\/benedict-esposito\/","display_name":"Benedict Esposito"},"relative_dates":{"created":"Publicado 10 a\u00f1os hace","modified":"Actualizado 9 a\u00f1os hace"},"absolute_dates":{"created":"Publicado el abril 6, 2016","modified":"Actualizado el noviembre 2, 2016"},"absolute_dates_time":{"created":"Publicado el abril 6, 2016 4:56 pm","modified":"Actualizado el noviembre 2, 2016 2:44 pm"},"featured_img_caption":"","featured_img":false,"series_order":"","publishpress_future_workflow_manual_trigger":{"enabledWorkflows":[]},"_links":{"self":[{"href":"https:\/\/initiationministrypartners.org\/es\/wp-json\/wp\/v2\/pages\/292","targetHints":{"allow":["GET"]}}],"collection":[{"href":"https:\/\/initiationministrypartners.org\/es\/wp-json\/wp\/v2\/pages"}],"about":[{"href":"https:\/\/initiationministrypartners.org\/es\/wp-json\/wp\/v2\/types\/page"}],"author":[{"embeddable":true,"href":"https:\/\/initiationministrypartners.org\/es\/wp-json\/wp\/v2\/users\/96"}],"replies":[{"embeddable":true,"href":"https:\/\/initiationministrypartners.org\/es\/wp-json\/wp\/v2\/comments?post=292"}],"version-history":[{"count":0,"href":"https:\/\/initiationministrypartners.org\/es\/wp-json\/wp\/v2\/pages\/292\/revisions"}],"wp:attachment":[{"href":"https:\/\/initiationministrypartners.org\/es\/wp-json\/wp\/v2\/media?parent=292"}],"curies":[{"name":"wp","href":"https:\/\/api.w.org\/{rel}","templated":true}]}}